{"id":4168,"date":"2024-10-11T07:48:15","date_gmt":"2024-10-11T07:48:15","guid":{"rendered":"https:\/\/conference2024.crta.rs\/?page_id=4168"},"modified":"2024-11-05T14:27:25","modified_gmt":"2024-11-05T14:27:25","slug":"homepage","status":"publish","type":"page","link":"https:\/\/conference2024.crta.rs\/sr\/","title":{"rendered":"Naslovna"},"content":{"rendered":"<div class=\"wpb-content-wrapper\"><p>[vc_row css=&#8220;.vc_custom_1728419027896{padding-right: 10px !important;padding-left: 10px !important;}&#8220;][vc_column][event_term_about_2 title_icon=&#8220;fab fa-accessible-icon&#8220; event_info=&#8220;%5B%7B%22icon_fontawesome%22%3A%22fab%20fa-accessible-icon%22%7D%5D&#8220; about_image=&#8220;3754&#8243;]<\/p>\n<h4><strong>Superizborna godina. Oko 3,7 milijardi ljudi glasalo je ili \u0107e da glasaju 2024. godine.<\/strong><\/h4>\n<h4><strong> Da li taj broj budi vi\u0161e straha ili nade?<\/strong><\/h4>\n<p><span style=\"font-weight: 400;\">Konferencija je posve\u0107ena pitanjima izbornih procesa i krize izborne demokratije. Okupi\u0107e akademske istra\u017eiva\u010de, eksperte iz raznih oblasti, anga\u017eovane intelektualce i aktiviste iz Srbije i sveta. U\u010desnici \u0107e tra\u017eiti odgovore na pitanja koja su relevantna ne samo za Srbiju, ve\u0107 i za zemlje s mnogo du\u017eom demokratskom tradicijom.<\/span><\/p>\n<p><span style=\"font-weight: 400;\">Kroz plenarne diskusije, stru\u010dne okrugle stolove, radne grupe i radionice i\u0107i \u0107e se ka konkretnim re\u0161enjima za unapre\u0111enje izbornih procesa i ja\u010danje demokratije. U diskusijama \u0107e se razmatrati na\u010dini odupiranja politi\u010dkom klijentelizmu, izbornom in\u017eenjeringu i medijskim manipulacijama, kao i\u00a0 ja\u010danja mehanizama za posmatranje i analizu izbora.\u00a0<\/span>[\/event_term_about_2][event_term_schedule5 title=&#8220;Sesije&#8220; title_icon=&#8220;fab fa-accessible-icon&#8220;][event_term_recent_news_1 title=&#8220;Najnovije vesti&#8220; title_icon=&#8220;fab fa-accessible-icon&#8220; post_limit=&#8220;3&#8243;][event_term_speakers_2 order=&#8220;ASC&#8220; orderby=&#8220;name&#8220; title=&#8220;Govornici&#8220; title_icon=&#8220;fab fa-accessible-icon&#8220; post_limit=&#8220;100&#8243;][event_term_about_2 title_icon=&#8220;fab fa-accessible-icon&#8220; event_info=&#8220;%5B%7B%7D%5D&#8220; about_image=&#8220;3761&#8243;]<\/p>\n<div class=\"fl-module fl-module-rich-text fl-node-5de51696c0fea\" data-node=\"5de51696c0fea\">\n<div class=\"fl-module-content fl-node-content\">\n<div class=\"fl-rich-text\">\n<p><a href=\"https:\/\/crta.rs\/\" target=\"_blank\" rel=\"noopener\"><strong>CRTA (Centar za istra\u017eivanje, transparentnost i odgovornost)<\/strong><\/a>, nezavisna, nestrana\u010dka organizacija civilnog dru\u0161tva posve\u0107ena razvoju demokratske kulture i gra\u0111anskog aktivizma.<\/p>\n<\/div>\n<\/div>\n<\/div>\n<div class=\"fl-module fl-module-rich-text fl-node-5de516b38a4ba\" data-node=\"5de516b38a4ba\">\n<div class=\"fl-module-content fl-node-content\">\n<div class=\"fl-rich-text\">\n<p>Kreiranjem predloga javnih politika, zastupanjem principa odgovornog pona\u0161anja vlasti i dr\u017eavnih institucija i edukacijom gra\u0111ana o njihovim politi\u010dkim pravima zala\u017eemo se za uspostavljanje vladavine prava i razvoj demokratskog dijaloga.<\/p>\n<\/div>\n<\/div>\n<\/div>\n<div class=\"fl-module fl-module-rich-text fl-node-5de516d64fc24\" data-node=\"5de516d64fc24\">\n<div class=\"fl-module-content fl-node-content\">\n<div class=\"fl-rich-text\">\n<p>Od 2016. godine bavimo se posmatranjem izbora na nacionalnom i lokalnom nivou. Koordini\u0161emo rad mre\u017ee Gra\u0111ani na stra\u017ei, koja broji vi\u0161e hiljada gra\u0111ana osposobljenih da nadziru regularnost glasanja. Kontinuirana borba za unapre\u0111enje uslova za po\u0161tene i slobodne izbore je ki\u010dma svih na\u0161ih aktivnosti.<\/p>\n<\/div>\n<\/div>\n<\/div>\n<p>[\/event_term_about_2][event_term_sponsors4 img_row1=&#8220;four&#8220; sec_title=&#8220;Partneri konferencije&#8220; title_icon=&#8220;fab fa-accessible-icon&#8220; sponsors1=&#8220;%5B%7B%22spLogo%22%3A%224266%22%2C%22spurl%22%3A%22https%3A%2F%2Fwww.usaid.gov%2Fserbia%22%7D%2C%7B%22spLogo%22%3A%224264%22%2C%22spurl%22%3A%22https%3A%2F%2Fwww.gov.uk%2Fworld%2Forganisations%2Fbritish-embassy-belgrade%22%7D%2C%7B%22spLogo%22%3A%224268%22%2C%22spurl%22%3A%22https%3A%2F%2Fwww.ned.org%2F%22%7D%2C%7B%22spLogo%22%3A%224262%22%2C%22spurl%22%3A%22https%3A%2F%2Fwww.netherlandsandyou.nl%2Fweb%2Fserbia%22%7D%5D&#8220; sponsors2=&#8220;%5B%7B%7D%5D&#8220; sponsors3=&#8220;%5B%7B%7D%5D&#8220; sponsors4=&#8220;%5B%7B%7D%5D&#8220; sponsors5=&#8220;%5B%7B%7D%5D&#8220;][\/vc_column][vc_column][\/vc_column][\/vc_row][vc_row disable_element=&#8220;yes&#8220;][vc_column][event_term_speakers_1_style2 order=&#8220;ASC&#8220; orderby=&#8220;name&#8220; title=&#8220;Event Speakers&#8220; title_icon=&#8220;fab fa-accessible-icon&#8220; post_limit=&#8220;100&#8243;][\/vc_column][\/vc_row]<\/p>\n<\/div>","protected":false},"excerpt":{"rendered":"<p>[vc_row css=&#8220;.vc_custom_1728419027896{padding-right: 10px !important;padding-left: 10px !important;}&#8220;][vc_column][event_term_about_2 title_icon=&#8220;fab fa-accessible-icon&#8220; event_info=&#8220;%5B%7B%22icon_fontawesome%22%3A%22fab%20fa-accessible-icon%22%7D%5D&#8220; about_image=&#8220;3754&#8243;] Superizborna godina. Oko 3,7 milijardi ljudi glasalo je ili \u0107e da glasaju 2024. godine. Da li taj broj budi vi\u0161e straha ili nade? Konferencija je posve\u0107ena pitanjima izbornih procesa i krize izborne demokratije. Okupi\u0107e akademske istra\u017eiva\u010de, eksperte iz raznih oblasti, anga\u017eovane intelektualce i aktiviste iz<\/p>\n","protected":false},"author":1,"featured_media":0,"parent":0,"menu_order":0,"comment_status":"closed","ping_status":"open","template":"template-full-width.php","meta":{"footnotes":""},"class_list":["post-4168","page","type-page","status-publish","hentry"],"yoast_head":"<!-- This site is optimized with the Yoast SEO plugin v27.4 - https:\/\/yoast.com\/product\/yoast-seo-wordpress\/ -->\n<title>Naslovna - Conference 2024<\/title>\n<meta name=\"description\" content=\"Konferencija koju organizuje Crta je posve\u0107ena pitanjima izbornih procesa i krizom izborne demokratije. Vi\u0161e pro\u010ditajte na sajtu.\" \/>\n<meta name=\"robots\" content=\"index, follow, max-snippet:-1, max-image-preview:large, max-video-preview:-1\" \/>\n<link rel=\"canonical\" href=\"https:\/\/conference2024.crta.rs\/sr\/\" \/>\n<meta property=\"og:locale\" content=\"sr_RS\" \/>\n<meta property=\"og:type\" content=\"article\" \/>\n<meta property=\"og:title\" content=\"Naslovna - Conference 2024\" \/>\n<meta property=\"og:description\" content=\"Konferencija koju organizuje Crta je posve\u0107ena pitanjima izbornih procesa i krizom izborne demokratije. Vi\u0161e pro\u010ditajte na sajtu.\" \/>\n<meta property=\"og:url\" content=\"https:\/\/conference2024.crta.rs\/sr\/\" \/>\n<meta property=\"og:site_name\" content=\"Conference 2024\" \/>\n<meta property=\"article:modified_time\" content=\"2024-11-05T14:27:25+00:00\" \/>\n<meta name=\"twitter:card\" content=\"summary_large_image\" \/>\n<meta name=\"twitter:label1\" content=\"\u041f\u0440\u043e\u0446\u0435\u045a\u0435\u043d\u043e \u0432\u0440\u0435\u043c\u0435 \u0447\u0438\u0442\u0430\u045a\u0430\" \/>\n\t<meta name=\"twitter:data1\" content=\"2 \u043c\u0438\u043d\u0443\u0442\u0430\" \/>\n<script type=\"application\/ld+json\" class=\"yoast-schema-graph\">{\"@context\":\"https:\\\/\\\/schema.org\",\"@graph\":[{\"@type\":\"WebPage\",\"@id\":\"https:\\\/\\\/conference2024.crta.rs\\\/sr\\\/\",\"url\":\"https:\\\/\\\/conference2024.crta.rs\\\/sr\\\/\",\"name\":\"Naslovna - Conference 2024\",\"isPartOf\":{\"@id\":\"https:\\\/\\\/conference2024.crta.rs\\\/#website\"},\"datePublished\":\"2024-10-11T07:48:15+00:00\",\"dateModified\":\"2024-11-05T14:27:25+00:00\",\"description\":\"Konferencija koju organizuje Crta je posve\u0107ena pitanjima izbornih procesa i krizom izborne demokratije. Vi\u0161e pro\u010ditajte na sajtu.\",\"breadcrumb\":{\"@id\":\"https:\\\/\\\/conference2024.crta.rs\\\/sr\\\/#breadcrumb\"},\"inLanguage\":\"sr-RS\",\"potentialAction\":[{\"@type\":\"ReadAction\",\"target\":[\"https:\\\/\\\/conference2024.crta.rs\\\/sr\\\/\"]}]},{\"@type\":\"BreadcrumbList\",\"@id\":\"https:\\\/\\\/conference2024.crta.rs\\\/sr\\\/#breadcrumb\",\"itemListElement\":[{\"@type\":\"ListItem\",\"position\":1,\"name\":\"Home\",\"item\":\"https:\\\/\\\/conference2024.crta.rs\\\/sr\\\/\"},{\"@type\":\"ListItem\",\"position\":2,\"name\":\"Naslovna\"}]},{\"@type\":\"WebSite\",\"@id\":\"https:\\\/\\\/conference2024.crta.rs\\\/#website\",\"url\":\"https:\\\/\\\/conference2024.crta.rs\\\/\",\"name\":\"Conference 2024\",\"description\":\"In Effect, Do We Elect\",\"potentialAction\":[{\"@type\":\"SearchAction\",\"target\":{\"@type\":\"EntryPoint\",\"urlTemplate\":\"https:\\\/\\\/conference2024.crta.rs\\\/?s={search_term_string}\"},\"query-input\":{\"@type\":\"PropertyValueSpecification\",\"valueRequired\":true,\"valueName\":\"search_term_string\"}}],\"inLanguage\":\"sr-RS\"}]}<\/script>\n<!-- \/ Yoast SEO plugin. -->","yoast_head_json":{"title":"Naslovna - Conference 2024","description":"Konferencija koju organizuje Crta je posve\u0107ena pitanjima izbornih procesa i krizom izborne demokratije. Vi\u0161e pro\u010ditajte na sajtu.","robots":{"index":"index","follow":"follow","max-snippet":"max-snippet:-1","max-image-preview":"max-image-preview:large","max-video-preview":"max-video-preview:-1"},"canonical":"https:\/\/conference2024.crta.rs\/sr\/","og_locale":"sr_RS","og_type":"article","og_title":"Naslovna - Conference 2024","og_description":"Konferencija koju organizuje Crta je posve\u0107ena pitanjima izbornih procesa i krizom izborne demokratije. Vi\u0161e pro\u010ditajte na sajtu.","og_url":"https:\/\/conference2024.crta.rs\/sr\/","og_site_name":"Conference 2024","article_modified_time":"2024-11-05T14:27:25+00:00","twitter_card":"summary_large_image","twitter_misc":{"\u041f\u0440\u043e\u0446\u0435\u045a\u0435\u043d\u043e \u0432\u0440\u0435\u043c\u0435 \u0447\u0438\u0442\u0430\u045a\u0430":"2 \u043c\u0438\u043d\u0443\u0442\u0430"},"schema":{"@context":"https:\/\/schema.org","@graph":[{"@type":"WebPage","@id":"https:\/\/conference2024.crta.rs\/sr\/","url":"https:\/\/conference2024.crta.rs\/sr\/","name":"Naslovna - Conference 2024","isPartOf":{"@id":"https:\/\/conference2024.crta.rs\/#website"},"datePublished":"2024-10-11T07:48:15+00:00","dateModified":"2024-11-05T14:27:25+00:00","description":"Konferencija koju organizuje Crta je posve\u0107ena pitanjima izbornih procesa i krizom izborne demokratije. Vi\u0161e pro\u010ditajte na sajtu.","breadcrumb":{"@id":"https:\/\/conference2024.crta.rs\/sr\/#breadcrumb"},"inLanguage":"sr-RS","potentialAction":[{"@type":"ReadAction","target":["https:\/\/conference2024.crta.rs\/sr\/"]}]},{"@type":"BreadcrumbList","@id":"https:\/\/conference2024.crta.rs\/sr\/#breadcrumb","itemListElement":[{"@type":"ListItem","position":1,"name":"Home","item":"https:\/\/conference2024.crta.rs\/sr\/"},{"@type":"ListItem","position":2,"name":"Naslovna"}]},{"@type":"WebSite","@id":"https:\/\/conference2024.crta.rs\/#website","url":"https:\/\/conference2024.crta.rs\/","name":"Conference 2024","description":"In Effect, Do We Elect","potentialAction":[{"@type":"SearchAction","target":{"@type":"EntryPoint","urlTemplate":"https:\/\/conference2024.crta.rs\/?s={search_term_string}"},"query-input":{"@type":"PropertyValueSpecification","valueRequired":true,"valueName":"search_term_string"}}],"inLanguage":"sr-RS"}]}},"_links":{"self":[{"href":"https:\/\/conference2024.crta.rs\/sr\/wp-json\/wp\/v2\/pages\/4168","targetHints":{"allow":["GET"]}}],"collection":[{"href":"https:\/\/conference2024.crta.rs\/sr\/wp-json\/wp\/v2\/pages"}],"about":[{"href":"https:\/\/conference2024.crta.rs\/sr\/wp-json\/wp\/v2\/types\/page"}],"author":[{"embeddable":true,"href":"https:\/\/conference2024.crta.rs\/sr\/wp-json\/wp\/v2\/users\/1"}],"replies":[{"embeddable":true,"href":"https:\/\/conference2024.crta.rs\/sr\/wp-json\/wp\/v2\/comments?post=4168"}],"version-history":[{"count":16,"href":"https:\/\/conference2024.crta.rs\/sr\/wp-json\/wp\/v2\/pages\/4168\/revisions"}],"predecessor-version":[{"id":4533,"href":"https:\/\/conference2024.crta.rs\/sr\/wp-json\/wp\/v2\/pages\/4168\/revisions\/4533"}],"wp:attachment":[{"href":"https:\/\/conference2024.crta.rs\/sr\/wp-json\/wp\/v2\/media?parent=4168"}],"curies":[{"name":"wp","href":"https:\/\/api.w.org\/{rel}","templated":true}]}}